{"id":695,"date":"2023-07-13T10:42:28","date_gmt":"2023-07-13T08:42:28","guid":{"rendered":"http:\/\/elviswhynot.bplaced.net\/wordpress\/?page_id=695"},"modified":"2023-07-13T20:20:59","modified_gmt":"2023-07-13T18:20:59","slug":"diskografie","status":"publish","type":"page","link":"http:\/\/elviswhynot.bplaced.net\/wordpress\/?page_id=695","title":{"rendered":"Discography"},"content":{"rendered":"\n<p>\u00dcber den Player k\u00f6nnen Sie sich anhand der vorhandenen H\u00f6rproben (Studioaufnahmen aus der CD &#8222;Remember the King&#8220;) \u00fcber die Stimmen\u00e4hnlichkeit und Qualit\u00e4t der Darbietungen informieren.<\/p>\n\n\n<!--[if lt IE 9]><script>document.createElement('audio');<\/script><![endif]-->\n\t<div class=\"wp-playlist wp-audio-playlist wp-playlist-light\">\n\t\t\t<div class=\"wp-playlist-current-item\"><\/div>\n\t\t<audio controls=\"controls\" preload=\"none\" width=\"898\"\n\t\t\t><\/audio>\n\t<div class=\"wp-playlist-next\"><\/div>\n\t<div class=\"wp-playlist-prev\"><\/div>\n\t<noscript>\n\t<ol>\n\t\t<li><a href='http:\/\/elviswhynot.bplaced.net\/wordpress\/wp-content\/uploads\/2023\/07\/01.mp3'>Elvis Why not! & The Bassman - Remember the King<\/a><\/li><li><a href='http:\/\/elviswhynot.bplaced.net\/wordpress\/wp-content\/uploads\/2023\/07\/02.mp3'>Don't be cruel<\/a><\/li><li><a href='http:\/\/elviswhynot.bplaced.net\/wordpress\/wp-content\/uploads\/2023\/07\/03.mp3'>Jailhouse Rock<\/a><\/li><li><a href='http:\/\/elviswhynot.bplaced.net\/wordpress\/wp-content\/uploads\/2023\/07\/04.mp3'>Are you lonesome tonight<\/a><\/li><li><a href='http:\/\/elviswhynot.bplaced.net\/wordpress\/wp-content\/uploads\/2023\/07\/05.mp3'>All shook up<\/a><\/li><li><a href='http:\/\/elviswhynot.bplaced.net\/wordpress\/wp-content\/uploads\/2023\/07\/06.mp3'>What a wonderful life<\/a><\/li><li><a href='http:\/\/elviswhynot.bplaced.net\/wordpress\/wp-content\/uploads\/2023\/07\/07.mp3'>Fun in Acapulco<\/a><\/li><li><a href='http:\/\/elviswhynot.bplaced.net\/wordpress\/wp-content\/uploads\/2023\/07\/08.mp3'>Pocketful of rainbows<\/a><\/li><li><a href='http:\/\/elviswhynot.bplaced.net\/wordpress\/wp-content\/uploads\/2023\/07\/09.mp3'>Come on<\/a><\/li><li><a href='http:\/\/elviswhynot.bplaced.net\/wordpress\/wp-content\/uploads\/2023\/07\/10.mp3'>Hound Dog<\/a><\/li><li><a href='http:\/\/elviswhynot.bplaced.net\/wordpress\/wp-content\/uploads\/2023\/07\/11.mp3'>Swing down, sweet Chariot<\/a><\/li><li><a href='http:\/\/elviswhynot.bplaced.net\/wordpress\/wp-content\/uploads\/2023\/07\/12.mp3'>Blue Moon<\/a><\/li><li><a href='http:\/\/elviswhynot.bplaced.net\/wordpress\/wp-content\/uploads\/2023\/07\/13.mp3'>You'll never walk alone<\/a><\/li><li><a href='http:\/\/elviswhynot.bplaced.net\/wordpress\/wp-content\/uploads\/2023\/07\/14.mp3'>Elvis Why not! & The Bassman - Remember the King<\/a><\/li>\t<\/ol>\n\t<\/noscript>\n\t<script type=\"application\/json\" class=\"wp-playlist-script\">{\"type\":\"audio\",\"tracklist\":true,\"tracknumbers\":true,\"images\":true,\"artists\":true,\"tracks\":[{\"src\":\"http:\\\/\\\/elviswhynot.bplaced.net\\\/wordpress\\\/wp-content\\\/uploads\\\/2023\\\/07\\\/01.mp3\",\"type\":\"audio\\\/mpeg\",\"title\":\"Elvis Why not! & The Bassman - Remember the King\",\"caption\":\"\",\"description\":\"\",\"meta\":{\"length_formatted\":\"0:23\"},\"image\":{\"src\":\"http:\\\/\\\/elviswhynot.bplaced.net\\\/wordpress\\\/wp-content\\\/uploads\\\/2023\\\/07\\\/01-mp3-image.jpg\",\"width\":340,\"height\":425},\"thumb\":{\"src\":\"http:\\\/\\\/elviswhynot.bplaced.net\\\/wordpress\\\/wp-content\\\/uploads\\\/2023\\\/07\\\/01-mp3-image-150x150.jpg\",\"width\":150,\"height\":150}},{\"src\":\"http:\\\/\\\/elviswhynot.bplaced.net\\\/wordpress\\\/wp-content\\\/uploads\\\/2023\\\/07\\\/02.mp3\",\"type\":\"audio\\\/mpeg\",\"title\":\"Don't be cruel\",\"caption\":\"\",\"description\":\"\",\"meta\":{\"length_formatted\":\"0:51\"},\"image\":{\"src\":\"http:\\\/\\\/elviswhynot.bplaced.net\\\/wordpress\\\/wp-includes\\\/images\\\/media\\\/audio.png\",\"width\":48,\"height\":64},\"thumb\":{\"src\":\"http:\\\/\\\/elviswhynot.bplaced.net\\\/wordpress\\\/wp-includes\\\/images\\\/media\\\/audio.png\",\"width\":48,\"height\":64}},{\"src\":\"http:\\\/\\\/elviswhynot.bplaced.net\\\/wordpress\\\/wp-content\\\/uploads\\\/2023\\\/07\\\/03.mp3\",\"type\":\"audio\\\/mpeg\",\"title\":\"Jailhouse Rock\",\"caption\":\"\",\"description\":\"\",\"meta\":{\"length_formatted\":\"0:44\"},\"image\":{\"src\":\"http:\\\/\\\/elviswhynot.bplaced.net\\\/wordpress\\\/wp-includes\\\/images\\\/media\\\/audio.png\",\"width\":48,\"height\":64},\"thumb\":{\"src\":\"http:\\\/\\\/elviswhynot.bplaced.net\\\/wordpress\\\/wp-includes\\\/images\\\/media\\\/audio.png\",\"width\":48,\"height\":64}},{\"src\":\"http:\\\/\\\/elviswhynot.bplaced.net\\\/wordpress\\\/wp-content\\\/uploads\\\/2023\\\/07\\\/04.mp3\",\"type\":\"audio\\\/mpeg\",\"title\":\"Are you lonesome tonight\",\"caption\":\"\",\"description\":\"\",\"meta\":{\"length_formatted\":\"0:39\"},\"image\":{\"src\":\"http:\\\/\\\/elviswhynot.bplaced.net\\\/wordpress\\\/wp-includes\\\/images\\\/media\\\/audio.png\",\"width\":48,\"height\":64},\"thumb\":{\"src\":\"http:\\\/\\\/elviswhynot.bplaced.net\\\/wordpress\\\/wp-includes\\\/images\\\/media\\\/audio.png\",\"width\":48,\"height\":64}},{\"src\":\"http:\\\/\\\/elviswhynot.bplaced.net\\\/wordpress\\\/wp-content\\\/uploads\\\/2023\\\/07\\\/05.mp3\",\"type\":\"audio\\\/mpeg\",\"title\":\"All shook up\",\"caption\":\"\",\"description\":\"\",\"meta\":{\"length_formatted\":\"0:49\"},\"image\":{\"src\":\"http:\\\/\\\/elviswhynot.bplaced.net\\\/wordpress\\\/wp-includes\\\/images\\\/media\\\/audio.png\",\"width\":48,\"height\":64},\"thumb\":{\"src\":\"http:\\\/\\\/elviswhynot.bplaced.net\\\/wordpress\\\/wp-includes\\\/images\\\/media\\\/audio.png\",\"width\":48,\"height\":64}},{\"src\":\"http:\\\/\\\/elviswhynot.bplaced.net\\\/wordpress\\\/wp-content\\\/uploads\\\/2023\\\/07\\\/06.mp3\",\"type\":\"audio\\\/mpeg\",\"title\":\"What a wonderful life\",\"caption\":\"\",\"description\":\"\",\"meta\":{\"length_formatted\":\"0:37\"},\"image\":{\"src\":\"http:\\\/\\\/elviswhynot.bplaced.net\\\/wordpress\\\/wp-includes\\\/images\\\/media\\\/audio.png\",\"width\":48,\"height\":64},\"thumb\":{\"src\":\"http:\\\/\\\/elviswhynot.bplaced.net\\\/wordpress\\\/wp-includes\\\/images\\\/media\\\/audio.png\",\"width\":48,\"height\":64}},{\"src\":\"http:\\\/\\\/elviswhynot.bplaced.net\\\/wordpress\\\/wp-content\\\/uploads\\\/2023\\\/07\\\/07.mp3\",\"type\":\"audio\\\/mpeg\",\"title\":\"Fun in Acapulco\",\"caption\":\"\",\"description\":\"\",\"meta\":{\"length_formatted\":\"0:35\"},\"image\":{\"src\":\"http:\\\/\\\/elviswhynot.bplaced.net\\\/wordpress\\\/wp-includes\\\/images\\\/media\\\/audio.png\",\"width\":48,\"height\":64},\"thumb\":{\"src\":\"http:\\\/\\\/elviswhynot.bplaced.net\\\/wordpress\\\/wp-includes\\\/images\\\/media\\\/audio.png\",\"width\":48,\"height\":64}},{\"src\":\"http:\\\/\\\/elviswhynot.bplaced.net\\\/wordpress\\\/wp-content\\\/uploads\\\/2023\\\/07\\\/08.mp3\",\"type\":\"audio\\\/mpeg\",\"title\":\"Pocketful of rainbows\",\"caption\":\"\",\"description\":\"\",\"meta\":{\"length_formatted\":\"0:35\"},\"image\":{\"src\":\"http:\\\/\\\/elviswhynot.bplaced.net\\\/wordpress\\\/wp-includes\\\/images\\\/media\\\/audio.png\",\"width\":48,\"height\":64},\"thumb\":{\"src\":\"http:\\\/\\\/elviswhynot.bplaced.net\\\/wordpress\\\/wp-includes\\\/images\\\/media\\\/audio.png\",\"width\":48,\"height\":64}},{\"src\":\"http:\\\/\\\/elviswhynot.bplaced.net\\\/wordpress\\\/wp-content\\\/uploads\\\/2023\\\/07\\\/09.mp3\",\"type\":\"audio\\\/mpeg\",\"title\":\"Come on\",\"caption\":\"\",\"description\":\"\",\"meta\":{\"length_formatted\":\"0:39\"},\"image\":{\"src\":\"http:\\\/\\\/elviswhynot.bplaced.net\\\/wordpress\\\/wp-includes\\\/images\\\/media\\\/audio.png\",\"width\":48,\"height\":64},\"thumb\":{\"src\":\"http:\\\/\\\/elviswhynot.bplaced.net\\\/wordpress\\\/wp-includes\\\/images\\\/media\\\/audio.png\",\"width\":48,\"height\":64}},{\"src\":\"http:\\\/\\\/elviswhynot.bplaced.net\\\/wordpress\\\/wp-content\\\/uploads\\\/2023\\\/07\\\/10.mp3\",\"type\":\"audio\\\/mpeg\",\"title\":\"Hound Dog\",\"caption\":\"\",\"description\":\"\",\"meta\":{\"length_formatted\":\"0:36\"},\"image\":{\"src\":\"http:\\\/\\\/elviswhynot.bplaced.net\\\/wordpress\\\/wp-includes\\\/images\\\/media\\\/audio.png\",\"width\":48,\"height\":64},\"thumb\":{\"src\":\"http:\\\/\\\/elviswhynot.bplaced.net\\\/wordpress\\\/wp-includes\\\/images\\\/media\\\/audio.png\",\"width\":48,\"height\":64}},{\"src\":\"http:\\\/\\\/elviswhynot.bplaced.net\\\/wordpress\\\/wp-content\\\/uploads\\\/2023\\\/07\\\/11.mp3\",\"type\":\"audio\\\/mpeg\",\"title\":\"Swing down, sweet Chariot\",\"caption\":\"\",\"description\":\"\",\"meta\":{\"length_formatted\":\"0:45\"},\"image\":{\"src\":\"http:\\\/\\\/elviswhynot.bplaced.net\\\/wordpress\\\/wp-includes\\\/images\\\/media\\\/audio.png\",\"width\":48,\"height\":64},\"thumb\":{\"src\":\"http:\\\/\\\/elviswhynot.bplaced.net\\\/wordpress\\\/wp-includes\\\/images\\\/media\\\/audio.png\",\"width\":48,\"height\":64}},{\"src\":\"http:\\\/\\\/elviswhynot.bplaced.net\\\/wordpress\\\/wp-content\\\/uploads\\\/2023\\\/07\\\/12.mp3\",\"type\":\"audio\\\/mpeg\",\"title\":\"Blue Moon\",\"caption\":\"\",\"description\":\"\",\"meta\":{\"length_formatted\":\"0:46\"},\"image\":{\"src\":\"http:\\\/\\\/elviswhynot.bplaced.net\\\/wordpress\\\/wp-includes\\\/images\\\/media\\\/audio.png\",\"width\":48,\"height\":64},\"thumb\":{\"src\":\"http:\\\/\\\/elviswhynot.bplaced.net\\\/wordpress\\\/wp-includes\\\/images\\\/media\\\/audio.png\",\"width\":48,\"height\":64}},{\"src\":\"http:\\\/\\\/elviswhynot.bplaced.net\\\/wordpress\\\/wp-content\\\/uploads\\\/2023\\\/07\\\/13.mp3\",\"type\":\"audio\\\/mpeg\",\"title\":\"You'll never walk alone\",\"caption\":\"\",\"description\":\"\",\"meta\":{\"length_formatted\":\"1:25\"},\"image\":{\"src\":\"http:\\\/\\\/elviswhynot.bplaced.net\\\/wordpress\\\/wp-includes\\\/images\\\/media\\\/audio.png\",\"width\":48,\"height\":64},\"thumb\":{\"src\":\"http:\\\/\\\/elviswhynot.bplaced.net\\\/wordpress\\\/wp-includes\\\/images\\\/media\\\/audio.png\",\"width\":48,\"height\":64}},{\"src\":\"http:\\\/\\\/elviswhynot.bplaced.net\\\/wordpress\\\/wp-content\\\/uploads\\\/2023\\\/07\\\/14.mp3\",\"type\":\"audio\\\/mpeg\",\"title\":\"Elvis Why not! & The Bassman - Remember the King\",\"caption\":\"\",\"description\":\"\",\"meta\":{\"length_formatted\":\"0:20\"},\"image\":{\"src\":\"http:\\\/\\\/elviswhynot.bplaced.net\\\/wordpress\\\/wp-content\\\/uploads\\\/2023\\\/07\\\/01-mp3-image.jpg\",\"width\":340,\"height\":425},\"thumb\":{\"src\":\"http:\\\/\\\/elviswhynot.bplaced.net\\\/wordpress\\\/wp-content\\\/uploads\\\/2023\\\/07\\\/01-mp3-image-150x150.jpg\",\"width\":150,\"height\":150}}]}<\/script>\n<\/div>\n\t\n\n\n<div style=\"height:50px\" aria-hidden=\"true\" class=\"wp-block-spacer\"><\/div>\n\n\n\n<h5 class=\"wp-block-heading has-text-align-center\"><strong>Christmas in the good old times (2018)<\/strong><\/h5>\n\n\n<div class=\"wp-block-image\">\n<figure class=\"aligncenter size-full\"><img decoding=\"async\" loading=\"lazy\" width=\"400\" height=\"400\" src=\"http:\/\/elviswhynot.bplaced.net\/wordpress\/wp-content\/uploads\/2023\/07\/Christmas_in_the_good_old_times.jpg\" alt=\"\" class=\"wp-image-768\" srcset=\"http:\/\/elviswhynot.bplaced.net\/wordpress\/wp-content\/uploads\/2023\/07\/Christmas_in_the_good_old_times.jpg 400w, http:\/\/elviswhynot.bplaced.net\/wordpress\/wp-content\/uploads\/2023\/07\/Christmas_in_the_good_old_times-300x300.jpg 300w, http:\/\/elviswhynot.bplaced.net\/wordpress\/wp-content\/uploads\/2023\/07\/Christmas_in_the_good_old_times-150x150.jpg 150w, http:\/\/elviswhynot.bplaced.net\/wordpress\/wp-content\/uploads\/2023\/07\/Christmas_in_the_good_old_times-180x180.jpg 180w, http:\/\/elviswhynot.bplaced.net\/wordpress\/wp-content\/uploads\/2023\/07\/Christmas_in_the_good_old_times-50x50.jpg 50w\" sizes=\"(max-width: 400px) 100vw, 400px\" \/><\/figure><\/div>\n\n\n<p class=\"has-text-align-center\"><strong>Lonely this Christmas<\/strong><br><strong>White Christmas<\/strong><br><strong>Jingle bells<\/strong><br><strong>Let it snow<\/strong><br><strong>Blue Moon<\/strong><br><strong>A holly jolly Christmas<\/strong><br><strong>Driving home for Christmas<\/strong><br><strong>Holly leaves and Christmas trees<\/strong><br><strong>If I get home on Christmas day<\/strong><br><strong>Silent night<\/strong><br><strong>SPECIAL SONG: Sing your children<\/strong><\/p>\n\n\n\n<div style=\"height:50px\" aria-hidden=\"true\" class=\"wp-block-spacer\"><\/div>\n\n\n\n<h5 class=\"wp-block-heading has-text-align-center\"><strong>Christmas in our country (2013)<\/strong><\/h5>\n\n\n<div class=\"wp-block-image\">\n<figure class=\"aligncenter size-full\"><img decoding=\"async\" loading=\"lazy\" width=\"400\" height=\"400\" src=\"http:\/\/elviswhynot.bplaced.net\/wordpress\/wp-content\/uploads\/2023\/07\/Christmas_in_our_country.jpg\" alt=\"\" class=\"wp-image-766\" srcset=\"http:\/\/elviswhynot.bplaced.net\/wordpress\/wp-content\/uploads\/2023\/07\/Christmas_in_our_country.jpg 400w, http:\/\/elviswhynot.bplaced.net\/wordpress\/wp-content\/uploads\/2023\/07\/Christmas_in_our_country-300x300.jpg 300w, http:\/\/elviswhynot.bplaced.net\/wordpress\/wp-content\/uploads\/2023\/07\/Christmas_in_our_country-150x150.jpg 150w, http:\/\/elviswhynot.bplaced.net\/wordpress\/wp-content\/uploads\/2023\/07\/Christmas_in_our_country-180x180.jpg 180w, http:\/\/elviswhynot.bplaced.net\/wordpress\/wp-content\/uploads\/2023\/07\/Christmas_in_our_country-50x50.jpg 50w\" sizes=\"(max-width: 400px) 100vw, 400px\" \/><\/figure><\/div>\n\n\n<p class=\"has-text-align-center\"><strong>Blue Christmas (Country Style)<\/strong><br><strong>Silver Bells<\/strong><br><strong>Here comes Santa Claus<\/strong><br><strong>Jingle Bell Rock<\/strong><br><strong>Santa bring my baby back<\/strong><br><strong>I&#8217;ll be home for Christmas<\/strong><br><strong>If every day was like Christmas<\/strong><br><strong>Rocking around the Christmas tree<\/strong><br><strong>Winterwonder Land<\/strong><br><strong>Blue Christmas<\/strong><br><strong>White Christmas<\/strong><\/p>\n\n\n\n<div style=\"height:50px\" aria-hidden=\"true\" class=\"wp-block-spacer\"><\/div>\n\n\n\n<h5 class=\"wp-block-heading has-text-align-center\"><strong>Remember the King (2012)<\/strong><\/h5>\n\n\n<div class=\"wp-block-image\">\n<figure class=\"aligncenter size-full\"><img decoding=\"async\" loading=\"lazy\" width=\"400\" height=\"400\" src=\"http:\/\/elviswhynot.bplaced.net\/wordpress\/wp-content\/uploads\/2023\/07\/Remember_the_King.jpg\" alt=\"\" class=\"wp-image-696\" srcset=\"http:\/\/elviswhynot.bplaced.net\/wordpress\/wp-content\/uploads\/2023\/07\/Remember_the_King.jpg 400w, http:\/\/elviswhynot.bplaced.net\/wordpress\/wp-content\/uploads\/2023\/07\/Remember_the_King-300x300.jpg 300w, http:\/\/elviswhynot.bplaced.net\/wordpress\/wp-content\/uploads\/2023\/07\/Remember_the_King-150x150.jpg 150w, http:\/\/elviswhynot.bplaced.net\/wordpress\/wp-content\/uploads\/2023\/07\/Remember_the_King-180x180.jpg 180w, http:\/\/elviswhynot.bplaced.net\/wordpress\/wp-content\/uploads\/2023\/07\/Remember_the_King-50x50.jpg 50w\" sizes=\"(max-width: 400px) 100vw, 400px\" \/><\/figure><\/div>\n\n\n<p class=\"has-text-align-center\"><strong>Viva Las Vegas<\/strong><br><strong>Don&#8217;t be cruel<\/strong><br><strong>Blue Suede Shoes<\/strong><br><strong>I was the one<\/strong><br><strong>It&#8217;s now or never<\/strong><br><strong>Heartbreak Hotel<\/strong><br><strong>Jailhouse Rock<\/strong><br><strong>Love me tender<\/strong><br><strong>Big Love, Big Heartache<\/strong><br><strong>I can help<\/strong><br><strong>Hound Dog<\/strong><br><strong>Memphis<\/strong><br><strong>Come on<\/strong><br><strong>Are you lonesome tonight<\/strong><br><strong>All shook up<\/strong><br><strong>Fun in Acapulco<\/strong><br><strong>Pocketful of rainbows<\/strong><br><strong>What a wonderful life<\/strong><br><strong>I should have been true<\/strong><br><strong>Swing down, sweet Chariot<\/strong><br><strong>You&#8217;ll never walk alone<\/strong><br><strong>Blue Moon<\/strong><\/p>\n","protected":false},"excerpt":{"rendered":"<p>\u00dcber den Player k\u00f6nnen Sie sich anhand der vorhandenen H\u00f6rproben (Studioaufnahmen aus der CD &#8222;Remember the King&#8220;) \u00fcber die Stimmen\u00e4hnlichkeit und Qualit\u00e4t der Darbietungen informieren. Christmas in the good old<\/p>\n<p class=\"more-link\"><a href=\"http:\/\/elviswhynot.bplaced.net\/wordpress\/?page_id=695\" class=\"readmore\">Continue reading<span class=\"screen-reader-text\">Discography<\/span><\/a><\/p>\n","protected":false},"author":1,"featured_media":0,"parent":0,"menu_order":0,"comment_status":"closed","ping_status":"closed","template":"","meta":[],"_links":{"self":[{"href":"http:\/\/elviswhynot.bplaced.net\/wordpress\/index.php?rest_route=\/wp\/v2\/pages\/695"}],"collection":[{"href":"http:\/\/elviswhynot.bplaced.net\/wordpress\/index.php?rest_route=\/wp\/v2\/pages"}],"about":[{"href":"http:\/\/elviswhynot.bplaced.net\/wordpress\/index.php?rest_route=\/wp\/v2\/types\/page"}],"author":[{"embeddable":true,"href":"http:\/\/elviswhynot.bplaced.net\/wordpress\/index.php?rest_route=\/wp\/v2\/users\/1"}],"replies":[{"embeddable":true,"href":"http:\/\/elviswhynot.bplaced.net\/wordpress\/index.php?rest_route=%2Fwp%2Fv2%2Fcomments&post=695"}],"version-history":[{"count":87,"href":"http:\/\/elviswhynot.bplaced.net\/wordpress\/index.php?rest_route=\/wp\/v2\/pages\/695\/revisions"}],"predecessor-version":[{"id":967,"href":"http:\/\/elviswhynot.bplaced.net\/wordpress\/index.php?rest_route=\/wp\/v2\/pages\/695\/revisions\/967"}],"wp:attachment":[{"href":"http:\/\/elviswhynot.bplaced.net\/wordpress\/index.php?rest_route=%2Fwp%2Fv2%2Fmedia&parent=695"}],"curies":[{"name":"wp","href":"https:\/\/api.w.org\/{rel}","templated":true}]}}