{"id":52,"date":"2023-06-27T14:20:21","date_gmt":"2023-06-27T12:20:21","guid":{"rendered":"http:\/\/elviswhynot.bplaced.net\/wordpress\/?page_id=52"},"modified":"2024-02-13T10:45:12","modified_gmt":"2024-02-13T09:45:12","slug":"home","status":"publish","type":"page","link":"http:\/\/elviswhynot.bplaced.net\/wordpress\/","title":{"rendered":"Elvis Why not! &#038; The Bassman"},"content":{"rendered":"\n<blockquote class=\"wp-block-quote\">\n<p><strong>Hinter dem K\u00fcnstlernamen&nbsp;<\/strong>Elvis Why not!<strong>&nbsp;steht eine nicht allt\u00e4gliche Lebensgeschichte und eine etwas au\u00dfergew\u00f6hnliche Pers\u00f6nlichkeit mit tats\u00e4chlichen Bez\u00fcgen zum echten King of Rock &#8217;n&#8216; Roll, Elvis Presley.<\/strong><\/p>\n<\/blockquote>\n\n\n\n<div class=\"wp-block-media-text is-stacked-on-mobile is-vertically-aligned-top\" style=\"grid-template-columns:36% auto\"><figure class=\"wp-block-media-text__media\"><img decoding=\"async\" loading=\"lazy\" width=\"250\" height=\"390\" src=\"http:\/\/elviswhynot.bplaced.net\/wordpress\/wp-content\/uploads\/2023\/06\/foto.jpg\" alt=\"\" class=\"wp-image-91 size-full\" srcset=\"http:\/\/elviswhynot.bplaced.net\/wordpress\/wp-content\/uploads\/2023\/06\/foto.jpg 250w, http:\/\/elviswhynot.bplaced.net\/wordpress\/wp-content\/uploads\/2023\/06\/foto-192x300.jpg 192w\" sizes=\"(max-width: 250px) 100vw, 250px\" \/><\/figure><div class=\"wp-block-media-text__content\">\n<p class=\"has-text-align-left\">Es soll hier eingangs nicht unerw\u00e4hnt bleiben, dass es sich bei Michael Fritzke um einen sehr treuen und gro\u00dfen Fan von Elvis Presley handelt, dessen anf\u00e4ngliche Liebelei mit der speziellen Musik des King (seit der fr\u00fchen Kindheit) sich im Laufe der Jahre bis heute zu einer Art Verehrung entwickelt hat.<\/p>\n\n\n\n<p class=\"has-text-align-left\">Beim heimlichen in Betrieb setzen der Musikschr\u00e4nke seiner Eltern und Gro\u00dfeltern, noch vor seiner Einschulung, also in den Jahren 1965 \/ 66, war irgendwann einmal zwischen den Schallplatten von Caterina Valente, Detlef Engel, Ted Herold, Billy Vaughn u.v.a. ein Elvis-Plattencover dabei.<\/p>\n<\/div><\/div>\n\n\n\n<p>Es handelte sich um die leere H\u00fclle einer Single mit einem Foto von Elvis in jungen Jahren von RCA mit der Seriennummer 47-9314.<\/p>\n\n\n\n<p>A-Seite: It&#8217;s now or never<br>B-Seite: Make me know it<\/p>\n\n\n\n<p>Die dazugeh\u00f6rige Schallplatte ist leider bis heute verschollen. Also ma\u00df der kleine Michael dieser Person auf dem Cover zun\u00e4chst keine Bedeutung bei.<\/p>\n\n\n\n<p>Er legte sich aber \u00f6fter diverse Werbesingles in den Plattenautomaten ein. Vielleicht k\u00f6nnen sich die \u00e4lteren Leser dieser Biographie noch an die Werbeplatten der Firma Glockmann, Braunschweig, \u00d6lschl\u00e4gern und Vechelde, Hildesheimer Stra\u00dfe erinnern? Diese nannten sich &#8222;Klingende Post&#8220; und wurden zu den Kunden nach Hause verschickt oder direkt im Gesch\u00e4ft verliehen.<\/p>\n\n\n\n<p>Es wurden darauf von einer Frau und einem Mann die aktuellen Lieder verschiedener Interpreten angespielt und anmoderiert, so dass die Kundschaft sich die Lieder aussuchen und bestellen bzw. kaufen konnte.<\/p>\n\n\n\n<p>Auf diesen Werbeplatten, die sich heute noch im Besitz von Michael Fritzke befinden, wurden auch 4 Titel von Elvis, wie schon beschrieben, nur kurz angespielt und der Name Elvis Presley wurde genannt.<\/p>\n\n\n\n<p>Sofort l\u00f6ste diese Musik etwas in Michael aus. Er fragte Eltern, Gro\u00dfmutter und die Schwester seiner Mutter, wer nun dieser Elvis Presley sei.<\/p>\n\n\n\n<p>Daraufhin zeigte man ihm die leere Plattenh\u00fclle. Mit dieser H\u00fclle vor sich liegend, auf dem Teppich vor dem Musikschrank sitzend, spielte Michael immer wieder die angespielten Titel:<\/p>\n\n\n\n<ul>\n<li>Devil in disguise<\/li>\n\n\n\n<li>Such a night<\/li>\n\n\n\n<li>No more<\/li>\n\n\n\n<li>Are you lonesome tonight<\/li>\n<\/ul>\n\n\n<div class=\"wp-block-image\">\n<figure class=\"aligncenter size-full is-resized\"><img decoding=\"async\" loading=\"lazy\" src=\"http:\/\/elviswhynot.bplaced.net\/wordpress\/wp-content\/uploads\/2023\/06\/schallplatte.jpg\" alt=\"\" class=\"wp-image-387\" width=\"350\" height=\"351\" srcset=\"http:\/\/elviswhynot.bplaced.net\/wordpress\/wp-content\/uploads\/2023\/06\/schallplatte.jpg 400w, http:\/\/elviswhynot.bplaced.net\/wordpress\/wp-content\/uploads\/2023\/06\/schallplatte-300x300.jpg 300w, http:\/\/elviswhynot.bplaced.net\/wordpress\/wp-content\/uploads\/2023\/06\/schallplatte-150x150.jpg 150w, http:\/\/elviswhynot.bplaced.net\/wordpress\/wp-content\/uploads\/2023\/06\/schallplatte-180x180.jpg 180w, http:\/\/elviswhynot.bplaced.net\/wordpress\/wp-content\/uploads\/2023\/06\/schallplatte-50x50.jpg 50w\" sizes=\"(max-width: 350px) 100vw, 350px\" \/><\/figure><\/div>\n\n\n<p>Und fortan war es um ihn geschehen.<br>Der sehr fr\u00fche Kontakt mit diesen 4 Songs, welche Michael Fritzke nat\u00fcrlich auch in seinem Programm selbst und live singt, hatte ihn nun f\u00fcr sein ganzes Leben mit der Musik des King und der Person Elvis Presley gepr\u00e4gt.<br><br>Die erste Gitarre schenkte ihm sein Onkel, er brachte ihm auch die ersten Griffe auf diesem Instrument bei. Die weiteren n\u00f6tigen Techniken \u00fcbte Michael selbst ein, sodass es zum Spielen in einer Sch\u00fclerband ausreichte. Es wurden nat\u00fcrlich auch Songs von Elvis versucht.<br><br>Mit der Musik war es dann erst einmal vorbei, als Michael Fritzke im September 1976 zur Polizei des Landes Niedersachsen ging. Wie auch sein gro\u00dfes Vorbild lernte er Karate und blieb dieser und anderen Kampfsportarten bis zu einem schweren Autounfall im Dezember 2003 treu.<br><br>1979 heiratete er seine Frau Roswitha.<br><br>W\u00e4hrend der Zeit als Polizist lie\u00df sich Michael Fritzke nach vielen Jahren Pause auf einer privaten Musikschule noch einmal das Gitarrespielen beibringen und sang au\u00dferdem 15 Jahre im 1. Tenor des Polizeichor Braunschweig.<br><br>Privat standen Elvis Songs immer im Vordergrund, wenn manchmal das Gitarrespielen im kleinen Familienkreis gefragt war. Aber er spielte oft nur f\u00fcr sich allein.<br><br>Ein weiterer Ber\u00fchrungspunkt mit Elvis Presley ergab sich, als sein Sohn Mario am 01.02.1990 geboren wurde, exakt 22 Jahre nach der Geburt von Elvis&#8216; Tochter Lisa-Marie. Die Zahl 22 findet sich wieder im Geburtsdatum von Michael Fritzke, dem 22.05.1959. Wenn man esoterisch veranlagt ist, kann man sich etwas dabei denken.<\/p>\n\n\n\n<p>\u00dcbrigens soll Elvis w\u00e4hrend seiner Soldatenzeit in Deutschland mit einem M\u00e4dchen befreundet gewesen sein, bevor er hier auch seine sp\u00e4tere Ehefrau Priscilla kennenlernte. Den damaligen Quellen zufolge hie\u00df diese deutsche Freundin ebenfalls Roswitha.<br><br>In Aus\u00fcbung seiner T\u00e4tigkeit als Streifenpolizist erlitt Michael am 21.12.2003 einen sehr schweren Verkehrsunfall in seinem Funkstreifenwagen. Trotz gebrochener Wirbels\u00e4ule und vielen anderen Verletzungen \u00fcberlebte er diesen ganz pers\u00f6nlichen Gau aufgrund seiner guten k\u00f6rperlichen, sportlichen Konstitution, konnte nach 4 Monaten ohne Gehilfen auskommen und nach einem Jahr wieder seinen angestammten Platz im Beruf aufnehmen. Allerdings war das Arbeiten als Polizist im Au\u00dfendienst nur unter gro\u00dfen Problemen und Schmerzen m\u00f6glich, sodass er am 01.02.2008 in den Vorruhestand gehen musste.<br><br>Er k\u00fcmmerte sich wieder etwas mehr um sein Idol, kaufte Elvis Playbacks und schaffte sich eine Gesangsanlage an. Als im Sommer 2008 bei einem Fest in seiner Wohnstra\u00dfe eine Band aus der Nachbarschaft spielte, dauerte es nicht lange bis ihn die Hobbymusiker von &#8222;Why Not&#8220; zum Mitspielen \u00fcberredet hatten.<br><br>Man stellte bald fest, dass Michael Fritzke nicht nur eine ganz annehmbare Stimme hat, sondern diese auch etwas der des King \u00e4hnelt. Also wurden zum normalen Programm einige Elvis Titel einge\u00fcbt und die Stimme wurde immer \u00e4hnlicher. Bandmitglieder, Ehefrau und Sohn rieten Michael zu einem wei\u00dfen Elvis Anzug, was er zun\u00e4chst f\u00fcr etwas verr\u00fcckt und \u00fcberzogen hielt. Im Sp\u00e4tsommer 2009 begann die Familie und Freunde dann doch mit der Fertigung eines solchen Anzugs.<br><\/p>\n\n\n\n<div class=\"wp-block-media-text has-media-on-the-right is-stacked-on-mobile is-vertically-aligned-top\" style=\"grid-template-columns:auto 43%\"><div class=\"wp-block-media-text__content\">\n<p class=\"has-text-align-left\">Michael Fritzke testete den Anzug dann im M\u00e4rz 2010 bei einem 60. Geburtstag. Er trat allein mit einstudierten Playbacks von Return to Sender, Devil in disguise, Rock-a-Hula Baby, Suspicion u.v.a. auf. Insgesamt 9 bekannte Elvis Songs.<br><br>Auch wollte er die Reaktion auf seine inzwischen noch besser trainierte Elvis Stimme erfahren. Die rund 100 Geburtstagsg\u00e4ste waren so begeistert, dass die Frauen die echten Blumengestecke auf den Tischen pl\u00fcnderten und auf die Tanzfl\u00e4che warfen.<\/p>\n<\/div><figure class=\"wp-block-media-text__media\"><img decoding=\"async\" loading=\"lazy\" width=\"291\" height=\"398\" src=\"http:\/\/elviswhynot.bplaced.net\/wordpress\/wp-content\/uploads\/2023\/06\/2010.jpg\" alt=\"\" class=\"wp-image-121 size-full\" srcset=\"http:\/\/elviswhynot.bplaced.net\/wordpress\/wp-content\/uploads\/2023\/06\/2010.jpg 291w, http:\/\/elviswhynot.bplaced.net\/wordpress\/wp-content\/uploads\/2023\/06\/2010-219x300.jpg 219w\" sizes=\"(max-width: 291px) 100vw, 291px\" \/><\/figure><\/div>\n\n\n\n<p>Von diesem Zeitpunkt an folgten regelm\u00e4\u00dfige Auftritte als Solok\u00fcnstler.<br><br>Inzwischen hat sich Michael Fritzke voll und ganz dieser Art der Elvis Musik verschrieben. Die Darbietungen gestalten sich professionell, wobei sein Sohn Mario f\u00fcr die digitalen Playbacks verantwortlich ist und seine Frau Roswitha f\u00fcr Styling und perfektes B\u00fchnenoutfit.<br><br>Abschlie\u00dfend m\u00f6chte der Verfasser dieser Biographie noch etwas zur Vortragsart des Michael Fritzke anmerken.<br><br>Alle vorgetragenen Titel werden immer so nah wie m\u00f6glich am Original interpretiert, aber nicht g\u00e4nzlich imitiert. Es bleibt immer etwas von der Eigenheit Michaels h\u00f6rbar \u00fcbrig. Niemand, auch die besten Imitatoren kommen nach Michaels Meinung nie ganz an Elvis Presley\u00a0heran, jedoch kann man bei jedem der Auftritte von Michael den gro\u00dfen Entertainer heraush\u00f6ren und wiedererkennen.<\/p>\n\n\n\n<h6 class=\"wp-block-heading\"><strong><em>Update Dezember 2011<\/em><\/strong><\/h6>\n\n\n\n<p>Seit den ersten Auftritten von Michael als Solok\u00fcnstler hat sich in der Zwischenzeit einiges zum Positiven ver\u00e4ndert.<br><br>Es gibt nun viele Kontakte zu Kollegen, Musikern und Pl\u00e4ne, mit anderen Bands gemeinsame Auftritte zu gestalten. Eine eigene Studio CD ist in Arbeit und wird vermutlich Anfang 2012 fertig gestellt sein.<br><br>Aber die bemerkenswerteste \u00c4nderung hat der Sohn von Michael, Mario Fritzke, zum Erfolg beigetragen. Seit einem Open Air Auftritt im Juni 2011 begleitet Mario mit seiner Bassgitarre einige Elvis Songs.<br><br>Obwohl er nur die Grundstrukturen der Bassbegleitung von seinem Vater erkl\u00e4rt bekommen hatte, \u00fcbte Mario selbst\u00e4ndig diverse St\u00fccke so perfekt ein, dass er inzwischen f\u00fcr viele Songs unverzichtbar geworden ist. Das Spielen der E-Bass Gitarre, bzw. die Art und Weise, hat Mario einem ber\u00fchmten amerikanischen Gitarristen etwas nachempfunden.<br><br>Duane Eddy hat in den 1950er und 1960er Jahren mit seiner tiefer gestimmten (normalen) E-Gitarre einen ganz pr\u00e4gnanten Klang kreiert und diesen &#8222;Twangy Sound&#8220; genannt. \u00dcbrigens spielte Scotty Moore &#8211; der erste Gitarrist von Elvis Presley &#8211; den Song &#8222;Don&#8217;t be cruel&#8220; nach diesem Prinzip, mit seiner extra daf\u00fcr tiefer eingestimmten Halbresonanz Bluesgitarre.<\/p>\n\n\n\n<div class=\"wp-block-media-text is-stacked-on-mobile\" style=\"grid-template-columns:44% auto\"><figure class=\"wp-block-media-text__media\"><img decoding=\"async\" loading=\"lazy\" width=\"254\" height=\"399\" src=\"http:\/\/elviswhynot.bplaced.net\/wordpress\/wp-content\/uploads\/2023\/06\/2012.jpg\" alt=\"\" class=\"wp-image-131 size-full\" srcset=\"http:\/\/elviswhynot.bplaced.net\/wordpress\/wp-content\/uploads\/2023\/06\/2012.jpg 254w, http:\/\/elviswhynot.bplaced.net\/wordpress\/wp-content\/uploads\/2023\/06\/2012-191x300.jpg 191w\" sizes=\"(max-width: 254px) 100vw, 254px\" \/><\/figure><div class=\"wp-block-media-text__content\">\n<p>Weil Mario nun seinen Bass nicht nur nach der herk\u00f6mmlichen Art bedient, hat sich ein ganz eigener Sound entwickelt, der sogar zus\u00e4tzlich zu den vorhandenen B\u00e4ssen der Playbacks als eigenst\u00e4ndige Begleitung sehr gut passt, so dass sich bei den betreffenden Songs eine ganz eigene Klangfarbe mit Wiedererkennungswert entwickelt hat.<br><br>Die N\u00e4he zum Original geht hierbei absolut nicht verloren und die Darbietung wird im Gesamtbild, auch optisch perfekt erg\u00e4nzt.<\/p>\n<\/div><\/div>\n\n\n\n<p>Nat\u00fcrlich war die Zeit jetzt reif f\u00fcr einen K\u00fcnstlernamen.<br><br>Der erste Bass-Gitarrist von Elvis Why not! hei\u00dft fortan:<br><strong>&#8222;THE BASSMAN&#8220;<\/strong><\/p>\n\n\n\n<h6 class=\"wp-block-heading\"><strong><em>Update Januar 2024<\/em><\/strong><\/h6>\n\n\n\n<p>Seit 2011 hat sich einiges getan um Elvis Why not! &amp; The Bassman.<br>Es gibt nach wie vor regelm\u00e4\u00dfige Auftritte als nunmehr bew\u00e4hrtes Duo von Vater und Sohn.<br>In der Mehrzahl sind es private Buchungen die wiederum weitere nach sich ziehen.<br>Nat\u00fcrlich gibt es da auch diverse \u00f6ffentliche Auftritte und Konzerte wie z.B. in einer Kurklinik in Bad Lauterberg, in der Brunswiga in Braunschweig, sowie f\u00fcr die Kleinkunstb\u00fchne &#8222;Teatr Dach&#8220; in Meerdorf bei Peine und gr\u00f6\u00dfere Ortsfeste in der Umgebung.<br>\u00dcber viele Jahre traten die beiden in Osterwieck, Sachsen-Anhalt, zur dortigen Rock- und Kneipennacht auf.<br>Ebenfalls finden viele ehrenamtliche Benefiz-Auftritte in Seniorenheimen, f\u00fcr Tierschutzvereine und nat\u00fcrlich auch f\u00fcr das Kinderhilfswerk ICH aus Stadthagen statt.<br>Im ICH sind Vater und Sohn seit vielen Jahren auch f\u00f6rdernde Mitglieder &#8211; eine Herzensangelegenheit.<\/p>\n\n\n\n<p>In 2013 unterst\u00fctzten Elvis Why not! &amp; The Bassman auf Bitten der Stadt Wolfenb\u00fcttel den Stand ihrer Stadt musikalisch beim &#8222;Tag der Niedersachsen&#8220; in Goslar.<br>Hier trafen sie zuf\u00e4llig auf den damals offiziellen Rattenf\u00e4nger von Hameln, Michael Boyer, der spontan auf seiner Fl\u00f6te live ein paar Songs mitspielte.<br>Er ist wohl erkl\u00e4rter Elvis Fan.<\/p>\n\n\n\n<div class=\"wp-block-media-text has-media-on-the-right is-stacked-on-mobile\" style=\"grid-template-columns:auto 48%\"><div class=\"wp-block-media-text__content\">\n<p>Im Sommer 2015 hatten Vater und Sohn dann die seltene Gelegenheit in der Strafvollzugsanstalt Wolfenb\u00fcttel mit sehr gro\u00dfer Unterst\u00fctzung des Kulturausschusses der JVA ein gro\u00dfes Sommerfest zu gestalten.<br>Die Idee der Justizverantwortlichen war es, das Elvis Why not! mit einem amerikanischen Auto und einer Eskorte von Harley Davidson Motorr\u00e4dern in den Innenhof der JVA fuhr.<\/p>\n<\/div><figure class=\"wp-block-media-text__media\"><img decoding=\"async\" loading=\"lazy\" width=\"424\" height=\"400\" src=\"http:\/\/elviswhynot.bplaced.net\/wordpress\/wp-content\/uploads\/2024\/02\/2015.jpg\" alt=\"\" class=\"wp-image-1317 size-full\" srcset=\"http:\/\/elviswhynot.bplaced.net\/wordpress\/wp-content\/uploads\/2024\/02\/2015.jpg 424w, http:\/\/elviswhynot.bplaced.net\/wordpress\/wp-content\/uploads\/2024\/02\/2015-300x283.jpg 300w\" sizes=\"(max-width: 424px) 100vw, 424px\" \/><\/figure><\/div>\n\n\n\n<p>The Bassman wartete w\u00e4hrend der Einfahrt schon einsatzbereit auf der Treppenb\u00fchne und startete die Musik von C. C. Rider.<br>Der gesamte Auftritt kam unerwartet \u00fcberragend gut bei den H\u00e4ftlingen und den anwesenden Beamten und ehrenamtlichen Mitarbeitern an.<br>Es folgte 3 Jahre immer kurz vor dem ersten Advent die musikalische Begleitung des traditionellen Adventsbasar der JVA.<\/p>\n\n\n\n<p>Au\u00dferdem werden beim regionalen Radiosender Radio Okerwelle regelm\u00e4\u00dfig Songs abgespielt.<br>Der hier ans\u00e4ssige Fernsehsender TV38 hat \u00fcber die vergangenen Jahre mehrere Musikfilme drehen lassen, wo Michael und Mario in verschiedenen Rollen zusammen mit anderen Musikern aus der Region mitgespielt haben.<br>Unter anderem in einem Musikwestern (Salt Bad City) und in einem Gospel Video (Swing Down Sweet Chariot). Einige Songs in dem Western wurden von Michael selbst geschrieben.<br>Auch drehen Elvis Why not! &amp; The Bassman inzwischen eigene Filme. Alles kann man auf dem eigenen YouTube Kanal anschauen.<br>Als ein besonderes Ereignis im September 2023 wird die musikalische Begleitung von 2 Waldgottesdiensten mit Elvis Gospel Songs auf dem Waldfriedhof Cremlinger Horn in Erinnerung bleiben.<br>Dort war Michaels Vater im M\u00e4rz 2023 beigesetzt worden.<br>Es war bis dato der schwerste Auftritt f\u00fcr Vater und Sohn.<\/p>\n\n\n\n<p>Als besonders sch\u00f6nes und herausragendes Ereignis f\u00fcr Elvis Why not! &amp; The Bassman stellte sich die Einladung zum Europ\u00e4ischen Elvis Festival 2019 in Bad Nauheim dar.<br>Sie hatten sich als 2 Mann Band mit Probeaufnahmen im Februar beworben und Michael hatte genau am 22.05.2019, seinem 60. Geburtstag, die Einladung der Stadt Bad Nauheim im Briefkasten. Eine tolle Geburtstags\u00fcberraschung!<br>Der Auftritt erfolgte dann im August am Wochenende des Todestags von Elvis Presley.<br>Das internationale Publikum war sehr angetan und \u00fcberrascht, Schulterklopfen u.a. von amerikanischen Besuchern nach dem Equipment Abbau inklusive.<\/p>\n\n\n\n<p>Im Juni 2019 feierten Michael und seine Frau Roswitha ihre Rubinhochzeit.<br>Nat\u00fcrlich wurde hier auch etwas Musik mit Unterst\u00fctzung von Musikerfreunden gemacht.<br>Bei dieser Feier hatte Gitarrist und S\u00e4nger (und ebenso Elvis Fan) Dieter Hasse die Idee eine zus\u00e4tzliche Band zu gr\u00fcnden.<br>Es wurde einige Wochen sp\u00e4ter die Band VINTAGE PATROL ins Leben gerufen.<br>Gitarre und Gesang: Michael Fritzke<br>Gitarre und Gesang: Dieter Hasse<br>Schlagzeug \/ Percussion, Harp und Gesang: Mike Keune-Lasch<br>Bass und Technik: Mario Fritzke<\/p>\n\n\n<div class=\"wp-block-image\">\n<figure class=\"aligncenter size-full\"><img decoding=\"async\" loading=\"lazy\" width=\"367\" height=\"400\" src=\"http:\/\/elviswhynot.bplaced.net\/wordpress\/wp-content\/uploads\/2024\/02\/2022.jpg\" alt=\"\" class=\"wp-image-1318\" srcset=\"http:\/\/elviswhynot.bplaced.net\/wordpress\/wp-content\/uploads\/2024\/02\/2022.jpg 367w, http:\/\/elviswhynot.bplaced.net\/wordpress\/wp-content\/uploads\/2024\/02\/2022-275x300.jpg 275w\" sizes=\"(max-width: 367px) 100vw, 367px\" \/><\/figure><\/div>\n\n\n<p>Diese Band spielt vorwiegend im Stil der 50er und 60er Jahre Elvis Songs und andere Cover Interpretationen, sowie eigene Songs.<br>Leider hat die damals nachfolgende Pandemie die Planungen der Band und Auftritte f\u00fcr ca. 2 Jahre aufgeschoben.<br>Aber anstatt sich wieder aufzul\u00f6sen wurde regelm\u00e4\u00dfig ge\u00fcbt und man ging mit 11 eigenen Songs in das Profistudio nach Hildesheim.<br>Im SUBTERRASOUND Tonstudio widmete sich Mitinhaber Enrico, ebenfalls Musiker in verschiedenen Bands, den 4 &#8222;Jungs&#8220;.<br>Und so entstand das erste eigene Album von VINTAGE PATROL in perfekter Abstimmung und bester Qualit\u00e4t.<br>Mario Fritzke wurde GEMA-Mitglied und stellte das Album im November 2022 auf allen bekannten Streaming-Plattformen ins Internet. Es hat inzwischen auch Aufrufe aus Japan, den USA, UK und sogar Indien.<\/p>\n\n\n\n<p>Seither sind Michael und Mario regelm\u00e4\u00dfig 2x monatlich im SUBTERRASOUND Studio und nehmen ihre Elvis Titel und auch mal etwas von anderen Interpreten auf.<br>Es werden in Zukunft ca. 50 bis 60 Wunsch-Songs sein, die alle passend nach Stilrichtung auf mehreren Alben zusammengefasst werden sollen.<\/p>\n\n\n\n<p>Also abschlie\u00dfend ist anzumerken:<br><em>Ein Ende von <strong>Elvis Why not! &amp; The Bassman<\/strong> und auch von <strong>VINTAGE PATROL<\/strong> ist wohl noch lange nicht in Sicht!<\/em><\/p>\n","protected":false},"excerpt":{"rendered":"<p>Hinter dem K\u00fcnstlernamen&nbsp;Elvis Why not!&nbsp;steht eine nicht allt\u00e4gliche Lebensgeschichte und eine etwas au\u00dfergew\u00f6hnliche Pers\u00f6nlichkeit mit tats\u00e4chlichen Bez\u00fcgen zum echten King of Rock &#8217;n&#8216; Roll, Elvis Presley. Es soll hier eingangs<\/p>\n<p class=\"more-link\"><a href=\"http:\/\/elviswhynot.bplaced.net\/wordpress\/\" class=\"readmore\">Continue reading<span class=\"screen-reader-text\">Elvis Why not! &#038; The Bassman<\/span><\/a><\/p>\n","protected":false},"author":1,"featured_media":0,"parent":0,"menu_order":0,"comment_status":"closed","ping_status":"closed","template":"","meta":[],"_links":{"self":[{"href":"http:\/\/elviswhynot.bplaced.net\/wordpress\/index.php?rest_route=\/wp\/v2\/pages\/52"}],"collection":[{"href":"http:\/\/elviswhynot.bplaced.net\/wordpress\/index.php?rest_route=\/wp\/v2\/pages"}],"about":[{"href":"http:\/\/elviswhynot.bplaced.net\/wordpress\/index.php?rest_route=\/wp\/v2\/types\/page"}],"author":[{"embeddable":true,"href":"http:\/\/elviswhynot.bplaced.net\/wordpress\/index.php?rest_route=\/wp\/v2\/users\/1"}],"replies":[{"embeddable":true,"href":"http:\/\/elviswhynot.bplaced.net\/wordpress\/index.php?rest_route=%2Fwp%2Fv2%2Fcomments&post=52"}],"version-history":[{"count":68,"href":"http:\/\/elviswhynot.bplaced.net\/wordpress\/index.php?rest_route=\/wp\/v2\/pages\/52\/revisions"}],"predecessor-version":[{"id":1328,"href":"http:\/\/elviswhynot.bplaced.net\/wordpress\/index.php?rest_route=\/wp\/v2\/pages\/52\/revisions\/1328"}],"wp:attachment":[{"href":"http:\/\/elviswhynot.bplaced.net\/wordpress\/index.php?rest_route=%2Fwp%2Fv2%2Fmedia&parent=52"}],"curies":[{"name":"wp","href":"https:\/\/api.w.org\/{rel}","templated":true}]}}