{"id":1188,"date":"2023-07-17T10:20:48","date_gmt":"2023-07-17T08:20:48","guid":{"rendered":"http:\/\/elviswhynot.bplaced.net\/wordpress\/?page_id=1188"},"modified":"2023-07-17T10:22:52","modified_gmt":"2023-07-17T08:22:52","slug":"contact","status":"publish","type":"page","link":"http:\/\/elviswhynot.bplaced.net\/wordpress\/?page_id=1188","title":{"rendered":"Contact"},"content":{"rendered":"\n<p class=\"has-text-align-center\">Wenn Sie auf uns aufmerksam geworden sind und Fragen bez\u00fcglich Veranstaltungen oder \u00e4hnlichem haben, dann erreichen Sie uns \u00fcber die folgende E-Mail-Adresse:<\/p>\n\n\n\n<p class=\"has-text-align-center\"><a href=\"mailto:elviswhynot@gmx.de\">elviswhynot@gmx.de<\/a><\/p>\n\n\n\n<p class=\"has-text-align-center\">Oder Sie besuchen unsere Facebook Seite und lassen gerne einen Kommentar da:<\/p>\n\n\n<div class=\"wp-block-image\">\n<figure class=\"aligncenter size-full\"><a href=\"https:\/\/www.facebook.com\/elviswhynot\" target=\"_blank\" rel=\"noreferrer noopener\"><img decoding=\"async\" loading=\"lazy\" width=\"224\" height=\"149\" src=\"http:\/\/elviswhynot.bplaced.net\/wordpress\/wp-content\/uploads\/2023\/07\/facebook.png\" alt=\"\" class=\"wp-image-1189\"\/><\/a><\/figure><\/div>","protected":false},"excerpt":{"rendered":"<p>Wenn Sie auf uns aufmerksam geworden sind und Fragen bez\u00fcglich Veranstaltungen oder \u00e4hnlichem haben, dann erreichen Sie uns \u00fcber die folgende E-Mail-Adresse: elviswhynot@gmx.de Oder Sie besuchen unsere Facebook Seite und<\/p>\n<p class=\"more-link\"><a href=\"http:\/\/elviswhynot.bplaced.net\/wordpress\/?page_id=1188\" class=\"readmore\">Continue reading<span class=\"screen-reader-text\">Contact<\/span><\/a><\/p>\n","protected":false},"author":1,"featured_media":0,"parent":0,"menu_order":0,"comment_status":"closed","ping_status":"closed","template":"","meta":[],"_links":{"self":[{"href":"http:\/\/elviswhynot.bplaced.net\/wordpress\/index.php?rest_route=\/wp\/v2\/pages\/1188"}],"collection":[{"href":"http:\/\/elviswhynot.bplaced.net\/wordpress\/index.php?rest_route=\/wp\/v2\/pages"}],"about":[{"href":"http:\/\/elviswhynot.bplaced.net\/wordpress\/index.php?rest_route=\/wp\/v2\/types\/page"}],"author":[{"embeddable":true,"href":"http:\/\/elviswhynot.bplaced.net\/wordpress\/index.php?rest_route=\/wp\/v2\/users\/1"}],"replies":[{"embeddable":true,"href":"http:\/\/elviswhynot.bplaced.net\/wordpress\/index.php?rest_route=%2Fwp%2Fv2%2Fcomments&post=1188"}],"version-history":[{"count":2,"href":"http:\/\/elviswhynot.bplaced.net\/wordpress\/index.php?rest_route=\/wp\/v2\/pages\/1188\/revisions"}],"predecessor-version":[{"id":1192,"href":"http:\/\/elviswhynot.bplaced.net\/wordpress\/index.php?rest_route=\/wp\/v2\/pages\/1188\/revisions\/1192"}],"wp:attachment":[{"href":"http:\/\/elviswhynot.bplaced.net\/wordpress\/index.php?rest_route=%2Fwp%2Fv2%2Fmedia&parent=1188"}],"curies":[{"name":"wp","href":"https:\/\/api.w.org\/{rel}","templated":true}]}}